{"id":521,"date":"2020-06-17T13:57:44","date_gmt":"2020-06-17T11:57:44","guid":{"rendered":"https:\/\/prenova.slovenci.si\/?page_id=521"},"modified":"2020-08-13T14:41:37","modified_gmt":"2020-08-13T12:41:37","slug":"news","status":"publish","type":"page","link":"https:\/\/prenova.slovenci.si\/en\/news\/","title":{"rendered":"News"},"content":{"rendered":"<div class=\"vce-section\"><div class=\"vce-section-inner vce-section-content--top vce-element--has-background\" data-vce-full-width=\"true\" data-vce-stretch-content=\"true\" id=\"el-0451874a\" data-vce-do-apply=\"all el-0451874a\"><div class=\"vce-content-background-container\"><div class=\"vce-asset-parallax-container vce-visible-all-only\" data-vce-assets-parallax=\".vce-asset-parallax\" data-vce-assets-parallax-speed=\"10\"><div class=\"vce-asset-parallax\" style=\"top: -10vh; bottom: -10vh; transform: translateY(-1.49054vh);\"><div class=\"vce-asset-background-zoom-container vce-visible-all-only vce-asset-background-zoom--position-center-bottom\"><div class=\"vce-asset-background-zoom-container vce-visible-all-only vce-asset-background-zoom--position-center-bottom\"><div class=\"vce-asset-background-zoom--scale-helper\"><div class=\"vce-asset-background-zoom\" data-vce-assets-zoom=\"in\" data-vce-assets-zoom-scale=\"1.5\" data-vce-assets-zoom-duration=\"40\"><div class=\"vce-asset-background-zoom-item\" style=\"background-image:url(https:\/\/prenova.slovenci.si\/wp-content\/uploads\/2020\/06\/novice-naslovna-1-scaled.jpg)\"><\/div><\/div><\/div><\/div><\/div><\/div><\/div><\/div><div data-vce-element-content=\"true\"><div class=\"vce-row-container\"><div class=\"vce-row vce-row--col-gap-30 vce-row-equal-height vce-row-columns--top vce-row-content--middle\" id=\"el-6a786894\" data-vce-do-apply=\"all el-6a786894\"><div class=\"vce-row-content\" data-vce-element-content=\"true\"><div class=\"vce-col vce-col--xs-50p vce-col--all-first\" id=\"el-34611374\"><div class=\"vce-col-inner\" data-vce-do-apply=\"border margin background  el-34611374\"><div class=\"vce-col-content\" data-vce-element-content=\"true\" data-vce-do-apply=\"padding el-34611374\"><\/div><\/div><\/div><div class=\"vce-col vce-col--xs-50p vce-col--all-last\" id=\"el-9dfc8b80\"><div class=\"vce-col-inner\" data-vce-do-apply=\"border margin background  el-9dfc8b80\"><div class=\"vce-col-content\" data-vce-element-content=\"true\" data-vce-do-apply=\"padding el-9dfc8b80\"><\/div><\/div><\/div><\/div><\/div><\/div><div class=\"vce-row-container\"><div class=\"vce-row vce-row--col-gap-30 vce-row-columns--top vce-row-content--top\" id=\"el-d2110d59\" data-vce-do-apply=\"all el-d2110d59\"><div class=\"vce-content-background-container\"><\/div><div class=\"vce-row-content\" data-vce-element-content=\"true\"><div class=\"vce-col vce-col--md-100p vce-col--xs-1 vce-col--xs-last vce-col--xs-first vce-col--sm-last vce-col--sm-first vce-col--md-last vce-col--lg-last vce-col--xl-last vce-col--md-first vce-col--lg-first vce-col--xl-first\" id=\"el-56d96639\"><div class=\"vce-col-inner\" data-vce-do-apply=\"border margin background  el-56d96639\"><div class=\"vce-col-content\" data-vce-element-content=\"true\" data-vce-do-apply=\"padding el-56d96639\"><div class=\"vce-typewriter-heading vce-typewriter-heading--align-center vce-typewriter-heading--color-b-255-255-255--45--5C00FF--FF7200 vce-typewriter-heading--font-family-Montserrat\" id=\"el-bf9aa085\"><div class=\"vce-typewriter-heading-wrapper\"><div class=\"vce-typewriter-heading--background vce\" data-vce-do-apply=\"border background  padding margin el-bf9aa085\"><div class=\"vce-typewriter-heading-inner vce-typewriter-init\" style=\"font-size:80px;line-height:1.2;letter-spacing:5px;font-weight:700\" data-vce-typewriter-text=\"NEWS\" data-vce-typewriter-speed=\"100\" data-vce-typewriter-delay=\"5000\" data-vce-typewriter-loop=\"1\"><\/div><\/div><\/div><\/div><\/div><\/div><\/div><\/div><\/div><\/div><\/div><\/div><\/div><div class=\"vce-section\"><div class=\"vce-section-inner vce-section-content--top\" id=\"el-0523e7ed\" data-vce-do-apply=\"all el-0523e7ed\"><div class=\"vce-content-background-container\"><\/div><div data-vce-element-content=\"true\"><div class=\"vce-row-container\"><div class=\"vce-row vce-row--col-gap-30 vce-row-columns--top vce-row-content--top\" id=\"el-7f5a185b\" data-vce-do-apply=\"all el-7f5a185b\"><div class=\"vce-row-content\" data-vce-element-content=\"true\"><div class=\"vce-col vce-col--md-auto vce-col--xs-1 vce-col--xs-last vce-col--xs-first vce-col--sm-last vce-col--sm-first vce-col--md-last vce-col--lg-last vce-col--xl-last vce-col--md-first vce-col--lg-first vce-col--xl-first\" id=\"el-14703fd4\"><div class=\"vce-col-inner\" data-vce-do-apply=\"border margin background  el-14703fd4\"><div class=\"vce-col-content\" data-vce-element-content=\"true\" data-vce-do-apply=\"padding el-14703fd4\"><div class=\"vce-row-container\"><div class=\"vce-row vce-row--col-gap-30 vce-row-columns--top vce-row-content--top\" id=\"el-99d9487c\" data-vce-do-apply=\"all el-99d9487c\"><div class=\"vce-row-content\" data-vce-element-content=\"true\"><div class=\"vce-col vce-col--md-auto vce-col--xs-1 vce-col--xs-last vce-col--xs-first vce-col--sm-last vce-col--sm-first vce-col--md-last vce-col--lg-last vce-col--xl-last vce-col--md-first vce-col--lg-first vce-col--xl-first\" id=\"el-525f90af\"><div class=\"vce-col-inner\" data-vce-do-apply=\"border margin background  el-525f90af\"><div class=\"vce-col-content\" data-vce-element-content=\"true\" data-vce-do-apply=\"padding el-525f90af\"><div class=\"vce-simple-search-container vce-simple-search-container-align--center\" id=\"el-96bf55cc\"><form action=\"https:\/\/prenova.slovenci.si\" class=\"vce-simple-search-container-inner vce\" data-vce-do-apply=\"margin  el-96bf55cc\"><div class=\"vce-simple-search vce-simple-search-icon-color--b-0-93-164 vce-simple-search-icon-hover-color--b-237-28-36 vce-simple-search-text-color--b-0-93-164 vce-simple-search-border-width--2 vce-simple-search-border-color--b-0-93-164 vce-simple-search-border-hover-color--b-237-28-36 vce-simple-search-placeholder-color--C1C1C1 vce-simple-search-icon-position--right vce-simple-search-shape--round\" style=\"max-width: 300px; font-size: 14px;\"><input type=\"search\" name=\"s\" class=\"vce-simple-search-input\" placeholder=\"Search\" data-vce-do-apply=\"padding border background el-96bf55cc\"><button class=\"vce-simple-search-icon-container vce-simple-search-button\" type=\"submit\"><svg class=\"vce-simple-search-icon\" width=\"32px\" height=\"32px\" viewBox=\"0 0 32 32\" version=\"1.1\" xmlns=\"http:\/\/www.w3.org\/2000\/svg\"><g fill=\"#000000\" fill-rule=\"nonzero\"><path d=\"M31.2168494,27.435073 L24.2650133,20.4833648 C24.2280674,20.4464189 24.1847295,20.4205951 24.1461216,20.386206 C25.5140145,18.3112276 26.3123782,15.8274154 26.3123782,13.1563169 C26.3123782,5.89024897 20.4221292,0 13.1561891,0 C5.89024897,0 0,5.89024897 0,13.1561891 C0,20.4220013 5.89012113,26.3123782 13.1560612,26.3123782 C15.8272875,26.3123782 18.3109719,25.5140145 20.3859503,24.1461216 C20.4203394,24.1846016 20.4460353,24.2279395 20.4829812,24.2648854 L27.4349452,31.2168494 C28.4792739,32.2610502 30.1723929,32.2610502 31.2168494,31.2168494 C32.2610502,30.1725207 32.2610502,28.4794017 31.2168494,27.435073 Z M13.1561891,21.7515421 C8.40896162,21.7515421 4.56070824,17.9032887 4.56070824,13.1561891 C4.56070824,8.40896162 8.40908946,4.56070824 13.1561891,4.56070824 C17.9031609,4.56070824 21.7515421,8.40908946 21.7515421,13.1561891 C21.7515421,17.9032887 17.9031609,21.7515421 13.1561891,21.7515421 Z\" id=\"Shape\"><\/path><\/g><\/svg><\/button><\/div><\/form><\/div><\/div><\/div><\/div><\/div><\/div><\/div><\/div><\/div><\/div><\/div><\/div><\/div><\/div><\/div><\/div><div class=\"vce-section\"><div class=\"vce-section-inner vce-section-content--top\" id=\"el-d3729d66\" data-vce-do-apply=\"all el-d3729d66\"><div class=\"vce-content-background-container\"><\/div><div data-vce-element-content=\"true\"><div class=\"vce-row-container\"><div class=\"vce-row vce-row--col-gap-30 vce-row-columns--top vce-row-content--top\" id=\"el-a058d7b2\" data-vce-do-apply=\"all el-a058d7b2\"><div class=\"vce-row-content\" data-vce-element-content=\"true\"><div class=\"vce-col vce-col--md-auto vce-col--xs-1 vce-col--xs-last vce-col--xs-first vce-col--sm-last vce-col--sm-first vce-col--md-last vce-col--lg-last vce-col--xl-last vce-col--md-first vce-col--lg-first vce-col--xl-first\" id=\"el-4bafd01a\"><div class=\"vce-col-inner\" data-vce-do-apply=\"border margin background  el-4bafd01a\"><div class=\"vce-col-content\" data-vce-element-content=\"true\" data-vce-do-apply=\"padding el-4bafd01a\"><div class=\"vce-row-container\"><div class=\"vce-row vce-row--col-gap-30 vce-row-columns--top vce-row-content--top\" id=\"el-e145ab7b\" data-vce-do-apply=\"all el-e145ab7b\"><div class=\"vce-row-content\" data-vce-element-content=\"true\"><div class=\"vce-col vce-col--md-auto vce-col--xs-1 vce-col--xs-last vce-col--xs-first vce-col--sm-last vce-col--sm-first vce-col--md-last vce-col--lg-last vce-col--xl-last vce-col--md-first vce-col--lg-first vce-col--xl-first\" id=\"el-92751b7c\"><div class=\"vce-col-inner\" data-vce-do-apply=\"border margin background  el-92751b7c\"><div class=\"vce-col-content\" data-vce-element-content=\"true\" data-vce-do-apply=\"padding el-92751b7c\"><div class=\"vce-posts-grid-container vce-post-grid-with-box-container\"><div class=\"vce vce-posts-grid-wrapper vce-posts-grid--gap-10 vce-posts-grid--columns-3 vce-posts-grid-pagination--color-F9C794--E7E7E7\" id=\"el-b844cb7b\" data-vce-do-apply=\"all el-b844cb7b\"><div class=\"vce-posts-grid-list\"><div class=\"vce-posts-grid-item\"><div class=\"vce-post-description vce-post-description--full vce-post-description--excerpt-color-6F6F6F vce-post-grid-with-box-aspect-ratio--5-3\"><div class=\"vce-post-grid-with-box--content\" style=\"background-image:url(https:\/\/prenova.slovenci.si\/wp-content\/uploads\/2020\/07\/3148867-scaled.jpg)\"><a href=\"https:\/\/prenova.slovenci.si\/en\/inivitation-test\/\" class=\"vce-post-grid-with-box--link\" itemprop=\"sameAs\"><\/a><div class=\"vce-post-grid-with-box\"><div class=\"vce-post-grid-with-box-description vce-post-description--background-color-fff vce-post-grid-with-box-description-position--left\"><h3 class=\"vce-post-grid-with-box-title vce-post-grid-with-box--title-color-3E3D3D vce-post-description--background-color-fff\">Inivitation (test)<\/h3><div class=\"vce-post-description--excerpt\"><p>&nbsp; Vsi od 18. leta dalje prijazno vabljeni na novo zamejsko pustolov\u0161\u010dino v organizaciji Rafaelove dru\u017ebe. &nbsp; Letos boste spoznavali geografijo, zgodovino in kulturno izro\u010dilo Bene\u0161ke Slovenije. Obiskali boste Nadi\u0161ke doline in redko poseljeno Tersko dolino, si ogledali tamkaj\u0161nje etnolo\u0161ke&hellip;<\/p>\n<\/div>\n<\/div><\/div><\/div><\/div><\/div><\/div><\/div><\/div><\/div><\/div><\/div><\/div><\/div><\/div><\/div><\/div><\/div><\/div><\/div><\/div><\/div><\/div><\/div><div class=\"vce-row-container\"><div class=\"vce-row vce-element--has-background vce-row--col-gap-30 vce-row-columns--top vce-row-content--middle\" id=\"el-a962f329\" data-vce-do-apply=\"all el-a962f329\"><div class=\"vce-content-background-container\"><\/div><div class=\"vce-row-content\" data-vce-element-content=\"true\"><div class=\"vce-col vce-col--md-20p vce-col--xs-1 vce-col--xs-last vce-col--xs-first vce-col--sm-last vce-col--sm-first vce-col--md-first vce-col--lg-first vce-col--xl-first\" id=\"el-752df904\"><div class=\"vce-col-inner\" data-vce-do-apply=\"border margin background  el-752df904\"><div class=\"vce-col-content\" data-vce-element-content=\"true\" data-vce-do-apply=\"padding el-752df904\"><\/div><\/div><\/div><div class=\"vce-col vce-col--md-60-47p vce-col--xs-1 vce-col--xs-last vce-col--xs-first vce-col--sm-last vce-col--sm-first\" id=\"el-86586ea8\"><div class=\"vce-col-inner\" data-vce-do-apply=\"border margin background  el-86586ea8\"><div class=\"vce-content-background-container\"><\/div><div class=\"vce-col-content\" data-vce-element-content=\"true\" data-vce-do-apply=\"padding el-86586ea8\"><div class=\"vce-features vce-features--style-none vce-features--align-center vce-features--size-large vce-icon--style--icon-color-fff vce-icon--style--shape-color-b-0-93-164 vce-icon--style--icon-color-hover-b-237-28-36 vce-icon--style--shape-color-hover-3cb878\"><div id=\"el-dbf94409\" class=\"vce vce-features-icon-wrapper\" data-vce-do-apply=\"all el-dbf94409\"><div class=\"vce-features--icon vce-icon\"><svg xmlns=\"https:\/\/www.w3.org\/2000\/svg\" viewBox=\"0 0 769 769\"><path stroke-width=\"25\" d=\"M565.755 696.27h-360l-180-311.77 180-311.77h360l180 311.77z\"><\/path><\/svg><span class=\"vce-icon-container fas fa-archive\"><\/span><\/div><\/div><\/div><div class=\"vce-text-block\"><div class=\"vce-text-block-wrapper vce\" id=\"el-d80ea8c1\" data-vce-do-apply=\"all el-d80ea8c1\"><h2 style=\"text-align: center;\"><span style=\"color: #ffffff; font-weight: bold; font-style: normal; font-size: 36pt;\">NEWS ARCHIVE<br><\/span><\/h2><p style=\"text-align: center;\"><span style=\"color: #ffffff;\"><span style=\"font-size: 14pt;\">The archive includes content that was published on the slovenci.si website until 25 June 2020, when the updated website was established.<\/span> <\/span><\/p><\/div><\/div><div class=\"vce-button--style-basic-icon-container vce vce-button--style-basic-icon-container--align-center\" id=\"el-63c5ff36\" data-vce-do-apply=\"margin el-63c5ff36\"><button class=\"vce-button--style-basic-icon vce-button--style-basic-icon--border-round vce-button--style-basic-icon--color-b-255-255-255--b-0-93-164 vce-button--style-basic-icon--hover-color-b-237-28-36--fff\" data-vce-do-apply=\"padding border background  el-63c5ff36\"><span class=\"vce-button--style-basic-icon-inner\"><span class=\"vce-button--style-basic-icon-text\">News archive<\/span><span class=\"vce-button--style-basic-icon-icon fas fa-archive\"><\/span><\/span><\/button><\/div><\/div><\/div><\/div><div class=\"vce-col vce-col--md-19-52p vce-col--xs-1 vce-col--xs-last vce-col--xs-first vce-col--sm-last vce-col--sm-first vce-col--md-last vce-col--lg-last vce-col--xl-last\" id=\"el-4b6b5d02\"><div class=\"vce-col-inner\" data-vce-do-apply=\"border margin background  el-4b6b5d02\"><div class=\"vce-col-content\" data-vce-element-content=\"true\" data-vce-do-apply=\"padding el-4b6b5d02\"><\/div><\/div><\/div><\/div><\/div><\/div>\n","protected":false},"excerpt":{"rendered":"<p>NEWS ARCHIVEThe archive includes content that was published on the slovenci.si website until 25 June 2020, when the updated website was established. News archive<\/p>\n","protected":false},"author":1,"featured_media":0,"parent":0,"menu_order":0,"comment_status":"closed","ping_status":"closed","template":"","meta":{"footnotes":""},"class_list":["post-521","page","type-page","status-publish","hentry"],"yoast_head":"<!-- This site is optimized with the Yoast SEO plugin v27.2 - https:\/\/yoast.com\/product\/yoast-seo-wordpress\/ -->\n<title>News - slovenci.si<\/title>\n<meta name=\"robots\" content=\"noindex, follow, max-snippet:-1, max-image-preview:large, max-video-preview:-1\" \/>\n<meta property=\"og:locale\" content=\"en_US\" \/>\n<meta property=\"og:type\" content=\"article\" \/>\n<meta property=\"og:title\" content=\"News - slovenci.si\" \/>\n<meta property=\"og:description\" content=\"NEWS ARCHIVEThe archive includes content that was published on the slovenci.si website until 25 June 2020, when the updated website was established. News archive\" \/>\n<meta property=\"og:url\" content=\"https:\/\/prenova.slovenci.si\/en\/news\/\" \/>\n<meta property=\"og:site_name\" content=\"slovenci.si\" \/>\n<meta property=\"article:modified_time\" content=\"2020-08-13T12:41:37+00:00\" \/>\n<meta name=\"twitter:card\" content=\"summary_large_image\" \/>\n<meta name=\"twitter:label1\" content=\"Est. reading time\" \/>\n\t<meta name=\"twitter:data1\" content=\"1 minute\" \/>\n<script type=\"application\/ld+json\" class=\"yoast-schema-graph\">{\"@context\":\"https:\/\/schema.org\",\"@graph\":[{\"@type\":\"WebPage\",\"@id\":\"https:\/\/prenova.slovenci.si\/en\/news\/\",\"url\":\"https:\/\/prenova.slovenci.si\/en\/news\/\",\"name\":\"News - slovenci.si\",\"isPartOf\":{\"@id\":\"https:\/\/prenova.slovenci.si\/#website\"},\"datePublished\":\"2020-06-17T11:57:44+00:00\",\"dateModified\":\"2020-08-13T12:41:37+00:00\",\"breadcrumb\":{\"@id\":\"https:\/\/prenova.slovenci.si\/en\/news\/#breadcrumb\"},\"inLanguage\":\"en-US\",\"potentialAction\":[{\"@type\":\"ReadAction\",\"target\":[\"https:\/\/prenova.slovenci.si\/en\/news\/\"]}]},{\"@type\":\"BreadcrumbList\",\"@id\":\"https:\/\/prenova.slovenci.si\/en\/news\/#breadcrumb\",\"itemListElement\":[{\"@type\":\"ListItem\",\"position\":1,\"name\":\"Home\",\"item\":\"https:\/\/prenova.slovenci.si\/en\/\"},{\"@type\":\"ListItem\",\"position\":2,\"name\":\"News\"}]},{\"@type\":\"WebSite\",\"@id\":\"https:\/\/prenova.slovenci.si\/#website\",\"url\":\"https:\/\/prenova.slovenci.si\/\",\"name\":\"slovenci.si\",\"description\":\"Dobrodo\u0161li!\",\"potentialAction\":[{\"@type\":\"SearchAction\",\"target\":{\"@type\":\"EntryPoint\",\"urlTemplate\":\"https:\/\/prenova.slovenci.si\/?s={search_term_string}\"},\"query-input\":{\"@type\":\"PropertyValueSpecification\",\"valueRequired\":true,\"valueName\":\"search_term_string\"}}],\"inLanguage\":\"en-US\"}]}<\/script>\n<!-- \/ Yoast SEO plugin. -->","yoast_head_json":{"title":"News - slovenci.si","robots":{"index":"noindex","follow":"follow","max-snippet":"max-snippet:-1","max-image-preview":"max-image-preview:large","max-video-preview":"max-video-preview:-1"},"og_locale":"en_US","og_type":"article","og_title":"News - slovenci.si","og_description":"NEWS ARCHIVEThe archive includes content that was published on the slovenci.si website until 25 June 2020, when the updated website was established. News archive","og_url":"https:\/\/prenova.slovenci.si\/en\/news\/","og_site_name":"slovenci.si","article_modified_time":"2020-08-13T12:41:37+00:00","twitter_card":"summary_large_image","twitter_misc":{"Est. reading time":"1 minute"},"schema":{"@context":"https:\/\/schema.org","@graph":[{"@type":"WebPage","@id":"https:\/\/prenova.slovenci.si\/en\/news\/","url":"https:\/\/prenova.slovenci.si\/en\/news\/","name":"News - slovenci.si","isPartOf":{"@id":"https:\/\/prenova.slovenci.si\/#website"},"datePublished":"2020-06-17T11:57:44+00:00","dateModified":"2020-08-13T12:41:37+00:00","breadcrumb":{"@id":"https:\/\/prenova.slovenci.si\/en\/news\/#breadcrumb"},"inLanguage":"en-US","potentialAction":[{"@type":"ReadAction","target":["https:\/\/prenova.slovenci.si\/en\/news\/"]}]},{"@type":"BreadcrumbList","@id":"https:\/\/prenova.slovenci.si\/en\/news\/#breadcrumb","itemListElement":[{"@type":"ListItem","position":1,"name":"Home","item":"https:\/\/prenova.slovenci.si\/en\/"},{"@type":"ListItem","position":2,"name":"News"}]},{"@type":"WebSite","@id":"https:\/\/prenova.slovenci.si\/#website","url":"https:\/\/prenova.slovenci.si\/","name":"slovenci.si","description":"Dobrodo\u0161li!","potentialAction":[{"@type":"SearchAction","target":{"@type":"EntryPoint","urlTemplate":"https:\/\/prenova.slovenci.si\/?s={search_term_string}"},"query-input":{"@type":"PropertyValueSpecification","valueRequired":true,"valueName":"search_term_string"}}],"inLanguage":"en-US"}]}},"_links":{"self":[{"href":"https:\/\/prenova.slovenci.si\/en\/wp-json\/wp\/v2\/pages\/521","targetHints":{"allow":["GET"]}}],"collection":[{"href":"https:\/\/prenova.slovenci.si\/en\/wp-json\/wp\/v2\/pages"}],"about":[{"href":"https:\/\/prenova.slovenci.si\/en\/wp-json\/wp\/v2\/types\/page"}],"author":[{"embeddable":true,"href":"https:\/\/prenova.slovenci.si\/en\/wp-json\/wp\/v2\/users\/1"}],"replies":[{"embeddable":true,"href":"https:\/\/prenova.slovenci.si\/en\/wp-json\/wp\/v2\/comments?post=521"}],"version-history":[{"count":10,"href":"https:\/\/prenova.slovenci.si\/en\/wp-json\/wp\/v2\/pages\/521\/revisions"}],"predecessor-version":[{"id":2603,"href":"https:\/\/prenova.slovenci.si\/en\/wp-json\/wp\/v2\/pages\/521\/revisions\/2603"}],"wp:attachment":[{"href":"https:\/\/prenova.slovenci.si\/en\/wp-json\/wp\/v2\/media?parent=521"}],"curies":[{"name":"wp","href":"https:\/\/api.w.org\/{rel}","templated":true}]}}